{"id":3745,"date":"2022-01-25T18:29:47","date_gmt":"2022-01-25T16:29:47","guid":{"rendered":"https:\/\/www.helaakoski.com\/yritys\/"},"modified":"2024-02-26T15:31:14","modified_gmt":"2024-02-26T13:31:14","slug":"foretag","status":"publish","type":"page","link":"https:\/\/www.helaakoski.com\/sv\/foretag\/","title":{"rendered":"F\u00f6retag"},"content":{"rendered":"","protected":false},"excerpt":{"rendered":"","protected":false},"author":1,"featured_media":0,"parent":0,"menu_order":0,"comment_status":"closed","ping_status":"closed","template":"","meta":{"_acf_changed":false,"content-type":"","footnotes":""},"class_list":["post-3745","page","type-page","status-publish","hentry"],"acf":[],"yoast_head":"<!-- This site is optimized with the Yoast SEO plugin v27.3 - https:\/\/yoast.com\/product\/yoast-seo-wordpress\/ -->\n<title>F\u00f6retag | E. Helaakoski Oy<\/title>\n<meta name=\"description\" content=\"Vi har filialer b\u00e5de i Finland och i Skandinavien. V\u00e5rt finmaskiga n\u00e4tverk i hela Finland garanterar kort svarstid.\" \/>\n<meta name=\"robots\" content=\"index, follow, max-snippet:-1, max-image-preview:large, max-video-preview:-1\" \/>\n<link rel=\"canonical\" href=\"https:\/\/www.helaakoski.com\/sv\/foretag\/\" \/>\n<meta property=\"og:locale\" content=\"sv_SE\" \/>\n<meta property=\"og:type\" content=\"article\" \/>\n<meta property=\"og:title\" content=\"F\u00f6retag | E. Helaakoski Oy\" \/>\n<meta property=\"og:description\" content=\"Vi har filialer b\u00e5de i Finland och i Skandinavien. V\u00e5rt finmaskiga n\u00e4tverk i hela Finland garanterar kort svarstid.\" \/>\n<meta property=\"og:url\" content=\"https:\/\/www.helaakoski.com\/sv\/foretag\/\" \/>\n<meta property=\"og:site_name\" content=\"E. Helaakoski Oy\" \/>\n<meta property=\"article:publisher\" content=\"https:\/\/www.facebook.com\/EHelaakoskiOy\" \/>\n<meta property=\"article:modified_time\" content=\"2024-02-26T13:31:14+00:00\" \/>\n<meta property=\"og:image\" content=\"https:\/\/www.helaakoski.com\/wp-content\/uploads\/2022\/03\/helaakoski-yritys.jpg\" \/>\n\t<meta property=\"og:image:width\" content=\"1920\" \/>\n\t<meta property=\"og:image:height\" content=\"1080\" \/>\n\t<meta property=\"og:image:type\" content=\"image\/jpeg\" \/>\n<meta name=\"twitter:card\" content=\"summary_large_image\" \/>\n<meta name=\"twitter:label1\" content=\"Ber\u00e4knad l\u00e4stid\" \/>\n\t<meta name=\"twitter:data1\" content=\"4 minuter\" \/>\n<script type=\"application\/ld+json\" class=\"yoast-schema-graph\">{\"@context\":\"https:\\\/\\\/schema.org\",\"@graph\":[{\"@type\":\"WebPage\",\"@id\":\"https:\\\/\\\/www.helaakoski.com\\\/sv\\\/foretag\\\/\",\"url\":\"https:\\\/\\\/www.helaakoski.com\\\/sv\\\/foretag\\\/\",\"name\":\"F\u00f6retag | E. Helaakoski Oy\",\"isPartOf\":{\"@id\":\"https:\\\/\\\/www.helaakoski.com\\\/sv\\\/#website\"},\"datePublished\":\"2022-01-25T16:29:47+00:00\",\"dateModified\":\"2024-02-26T13:31:14+00:00\",\"description\":\"Vi har filialer b\u00e5de i Finland och i Skandinavien. V\u00e5rt finmaskiga n\u00e4tverk i hela Finland garanterar kort svarstid.\",\"breadcrumb\":{\"@id\":\"https:\\\/\\\/www.helaakoski.com\\\/sv\\\/foretag\\\/#breadcrumb\"},\"inLanguage\":\"sv-SE\",\"potentialAction\":[{\"@type\":\"ReadAction\",\"target\":[\"https:\\\/\\\/www.helaakoski.com\\\/sv\\\/foretag\\\/\"]}]},{\"@type\":\"BreadcrumbList\",\"@id\":\"https:\\\/\\\/www.helaakoski.com\\\/sv\\\/foretag\\\/#breadcrumb\",\"itemListElement\":[{\"@type\":\"ListItem\",\"position\":1,\"name\":\"Hemsidan\",\"item\":\"https:\\\/\\\/www.helaakoski.com\\\/sv\\\/\"},{\"@type\":\"ListItem\",\"position\":2,\"name\":\"F\u00f6retag\"}]},{\"@type\":\"WebSite\",\"@id\":\"https:\\\/\\\/www.helaakoski.com\\\/sv\\\/#website\",\"url\":\"https:\\\/\\\/www.helaakoski.com\\\/sv\\\/\",\"name\":\"E. Helaakoski Oy\",\"description\":\"\",\"publisher\":{\"@id\":\"https:\\\/\\\/www.helaakoski.com\\\/sv\\\/#organization\"},\"potentialAction\":[{\"@type\":\"SearchAction\",\"target\":{\"@type\":\"EntryPoint\",\"urlTemplate\":\"https:\\\/\\\/www.helaakoski.com\\\/sv\\\/?s={search_term_string}\"},\"query-input\":{\"@type\":\"PropertyValueSpecification\",\"valueRequired\":true,\"valueName\":\"search_term_string\"}}],\"inLanguage\":\"sv-SE\"},{\"@type\":\"Organization\",\"@id\":\"https:\\\/\\\/www.helaakoski.com\\\/sv\\\/#organization\",\"name\":\"E. Helaakoski Oy\",\"url\":\"https:\\\/\\\/www.helaakoski.com\\\/sv\\\/\",\"logo\":{\"@type\":\"ImageObject\",\"inLanguage\":\"sv-SE\",\"@id\":\"https:\\\/\\\/www.helaakoski.com\\\/sv\\\/#\\\/schema\\\/logo\\\/image\\\/\",\"url\":\"https:\\\/\\\/www.helaakoski.com\\\/wp-content\\\/uploads\\\/2022\\\/01\\\/helaakoski_logo.svg\",\"contentUrl\":\"https:\\\/\\\/www.helaakoski.com\\\/wp-content\\\/uploads\\\/2022\\\/01\\\/helaakoski_logo.svg\",\"width\":1,\"height\":1,\"caption\":\"E. Helaakoski Oy\"},\"image\":{\"@id\":\"https:\\\/\\\/www.helaakoski.com\\\/sv\\\/#\\\/schema\\\/logo\\\/image\\\/\"},\"sameAs\":[\"https:\\\/\\\/www.facebook.com\\\/EHelaakoskiOy\",\"https:\\\/\\\/www.instagram.com\\\/ehelaakoskioy\\\/\",\"https:\\\/\\\/fi.linkedin.com\\\/company\\\/e-helaakoski-oy\",\"https:\\\/\\\/www.youtube.com\\\/channel\\\/UCz_Ox_SnF3sjWE6yqUhFulg\\\/videos\"]}]}<\/script>\n<!-- \/ Yoast SEO plugin. -->","yoast_head_json":{"title":"F\u00f6retag | E. Helaakoski Oy","description":"Vi har filialer b\u00e5de i Finland och i Skandinavien. V\u00e5rt finmaskiga n\u00e4tverk i hela Finland garanterar kort svarstid.","robots":{"index":"index","follow":"follow","max-snippet":"max-snippet:-1","max-image-preview":"max-image-preview:large","max-video-preview":"max-video-preview:-1"},"canonical":"https:\/\/www.helaakoski.com\/sv\/foretag\/","og_locale":"sv_SE","og_type":"article","og_title":"F\u00f6retag | E. Helaakoski Oy","og_description":"Vi har filialer b\u00e5de i Finland och i Skandinavien. V\u00e5rt finmaskiga n\u00e4tverk i hela Finland garanterar kort svarstid.","og_url":"https:\/\/www.helaakoski.com\/sv\/foretag\/","og_site_name":"E. Helaakoski Oy","article_publisher":"https:\/\/www.facebook.com\/EHelaakoskiOy","article_modified_time":"2024-02-26T13:31:14+00:00","og_image":[{"width":1920,"height":1080,"url":"https:\/\/www.helaakoski.com\/wp-content\/uploads\/2022\/03\/helaakoski-yritys.jpg","type":"image\/jpeg"}],"twitter_card":"summary_large_image","twitter_misc":{"Ber\u00e4knad l\u00e4stid":"4 minuter"},"schema":{"@context":"https:\/\/schema.org","@graph":[{"@type":"WebPage","@id":"https:\/\/www.helaakoski.com\/sv\/foretag\/","url":"https:\/\/www.helaakoski.com\/sv\/foretag\/","name":"F\u00f6retag | E. Helaakoski Oy","isPartOf":{"@id":"https:\/\/www.helaakoski.com\/sv\/#website"},"datePublished":"2022-01-25T16:29:47+00:00","dateModified":"2024-02-26T13:31:14+00:00","description":"Vi har filialer b\u00e5de i Finland och i Skandinavien. V\u00e5rt finmaskiga n\u00e4tverk i hela Finland garanterar kort svarstid.","breadcrumb":{"@id":"https:\/\/www.helaakoski.com\/sv\/foretag\/#breadcrumb"},"inLanguage":"sv-SE","potentialAction":[{"@type":"ReadAction","target":["https:\/\/www.helaakoski.com\/sv\/foretag\/"]}]},{"@type":"BreadcrumbList","@id":"https:\/\/www.helaakoski.com\/sv\/foretag\/#breadcrumb","itemListElement":[{"@type":"ListItem","position":1,"name":"Hemsidan","item":"https:\/\/www.helaakoski.com\/sv\/"},{"@type":"ListItem","position":2,"name":"F\u00f6retag"}]},{"@type":"WebSite","@id":"https:\/\/www.helaakoski.com\/sv\/#website","url":"https:\/\/www.helaakoski.com\/sv\/","name":"E. Helaakoski Oy","description":"","publisher":{"@id":"https:\/\/www.helaakoski.com\/sv\/#organization"},"potentialAction":[{"@type":"SearchAction","target":{"@type":"EntryPoint","urlTemplate":"https:\/\/www.helaakoski.com\/sv\/?s={search_term_string}"},"query-input":{"@type":"PropertyValueSpecification","valueRequired":true,"valueName":"search_term_string"}}],"inLanguage":"sv-SE"},{"@type":"Organization","@id":"https:\/\/www.helaakoski.com\/sv\/#organization","name":"E. Helaakoski Oy","url":"https:\/\/www.helaakoski.com\/sv\/","logo":{"@type":"ImageObject","inLanguage":"sv-SE","@id":"https:\/\/www.helaakoski.com\/sv\/#\/schema\/logo\/image\/","url":"https:\/\/www.helaakoski.com\/wp-content\/uploads\/2022\/01\/helaakoski_logo.svg","contentUrl":"https:\/\/www.helaakoski.com\/wp-content\/uploads\/2022\/01\/helaakoski_logo.svg","width":1,"height":1,"caption":"E. Helaakoski Oy"},"image":{"@id":"https:\/\/www.helaakoski.com\/sv\/#\/schema\/logo\/image\/"},"sameAs":["https:\/\/www.facebook.com\/EHelaakoskiOy","https:\/\/www.instagram.com\/ehelaakoskioy\/","https:\/\/fi.linkedin.com\/company\/e-helaakoski-oy","https:\/\/www.youtube.com\/channel\/UCz_Ox_SnF3sjWE6yqUhFulg\/videos"]}]}},"_links":{"self":[{"href":"https:\/\/www.helaakoski.com\/sv\/wp-json\/wp\/v2\/pages\/3745","targetHints":{"allow":["GET"]}}],"collection":[{"href":"https:\/\/www.helaakoski.com\/sv\/wp-json\/wp\/v2\/pages"}],"about":[{"href":"https:\/\/www.helaakoski.com\/sv\/wp-json\/wp\/v2\/types\/page"}],"author":[{"embeddable":true,"href":"https:\/\/www.helaakoski.com\/sv\/wp-json\/wp\/v2\/users\/1"}],"replies":[{"embeddable":true,"href":"https:\/\/www.helaakoski.com\/sv\/wp-json\/wp\/v2\/comments?post=3745"}],"version-history":[{"count":20,"href":"https:\/\/www.helaakoski.com\/sv\/wp-json\/wp\/v2\/pages\/3745\/revisions"}],"predecessor-version":[{"id":7190,"href":"https:\/\/www.helaakoski.com\/sv\/wp-json\/wp\/v2\/pages\/3745\/revisions\/7190"}],"wp:attachment":[{"href":"https:\/\/www.helaakoski.com\/sv\/wp-json\/wp\/v2\/media?parent=3745"}],"curies":[{"name":"wp","href":"https:\/\/api.w.org\/{rel}","templated":true}]}}